{"id":814,"date":"2025-09-03T12:53:40","date_gmt":"2025-09-03T10:53:40","guid":{"rendered":"https:\/\/lasounderia.com\/legal-notice\/"},"modified":"2025-10-27T15:54:00","modified_gmt":"2025-10-27T14:54:00","slug":"legal-notice","status":"publish","type":"page","link":"https:\/\/lasounderia.com\/en\/legal-notice\/","title":{"rendered":"Legal Notice"},"content":{"rendered":"<p>[et_pb_section fb_built=&#8221;1&#8243; _builder_version=&#8221;4.27.4&#8243; _module_preset=&#8221;default&#8221; global_colors_info=&#8221;{}&#8221;][et_pb_row _builder_version=&#8221;4.27.4&#8243; _module_preset=&#8221;default&#8221; global_colors_info=&#8221;{}&#8221;][et_pb_column type=&#8221;4_4&#8243; _builder_version=&#8221;4.27.4&#8243; _module_preset=&#8221;default&#8221; global_colors_info=&#8221;{}&#8221;][et_pb_text _builder_version=&#8221;4.27.4&#8243; _module_preset=&#8221;default&#8221; header_2_font=&#8221;|300||on|||||&#8221; header_2_font_size=&#8221;22px&#8221; hover_enabled=&#8221;0&#8243; global_colors_info=&#8221;{}&#8221; header_2_text_color=&#8221;#333333&#8243; sticky_enabled=&#8221;0&#8243;]<\/p>\n<h1>Legal Notice<\/h1>\n<p>In compliance with Article 10 of Spanish Law 34\/2002 on Information Society Services and Electronic Commerce (LSSI-CE), users are hereby informed of the following:<\/p>\n<ul>\n<li><strong>Business Name:<\/strong> M\u00aa Isabel Chaverri L\u00f3pez (hereinafter, &#8220;the provider&#8221;)<\/li>\n<li><strong>Trade Name:<\/strong> La Sounder\u00eda<\/li>\n<li><strong>Registered Address:<\/strong> C\/ Miguel Artigas, 13 1\u00baB. 50011 Zaragoza <\/li>\n<li><strong>Tax ID (NIF):<\/strong> 25454043N<\/li>\n<li><strong>Phone: <\/strong>695 183 368<\/li>\n<li><strong>Email:<\/strong> info@lasounderia.com<\/li>\n<\/ul>\n<p>&nbsp;<\/p>\n<h2>1. Purpose<\/h2>\n<p>The provider, responsible for this website, makes this document available to users in order to comply with the obligations established by Law 34\/2002 on Information Society Services and Electronic Commerce (LSSI-CE), and to inform all users of the website about the terms and conditions of use.<\/p>\n<p>Anyone accessing this website assumes the role of user, committing to the strict observance and compliance with the provisions set forth herein, as well as any other applicable legal provision.<\/p>\n<p>The provider reserves the right to modify any information on the website without prior notice, with publication on the provider&#8217;s website being sufficient.<\/p>\n<p>&nbsp;<\/p>\n<h2>2. Liability<\/h2>\n<p>The provider disclaims any liability for the information published on its website when such information has been manipulated or introduced by an unrelated third party.<\/p>\n<p>The provider\u2019s website may use cookies (small data files sent from the server to the user&#8217;s computer) for functions essential to the correct operation and viewing of the site. The cookies used are temporary and solely for more efficient transmission; they disappear when the session ends. In no case will cookies be used to collect personal information. More information on cookies can be found <a href=\"https:\/\/lasounderia.com\/en\/cookies-policy\/\">here<\/a>.   <\/p>\n<p>Desde el sitio web del cliente es posible que se redirija a contenidos de terceros sitios web. Dado que el prestador no puede controlar siempre los contenidos introducidos por los terceros en sus sitios web, \u00e9ste no asume ning\u00fan tipo de responsabilidad respecto a dichos contenidos. En todo caso, el prestador manifiesta que proceder\u00e1 a la retirada inmediata de cualquier contenido que pudiera contravenir la legislaci\u00f3n nacional o internacional, la moral o el orden p\u00fablico, procediendo a la retirada inmediata de la redirecci\u00f3n a dicho sitio web, poniendo en conocimiento de las autoridades competentes el contenido en cuesti\u00f3n.  <\/p>\n<p>El prestador no se hace responsable de la informaci\u00f3n y contenidos almacenados, a t\u00edtulo enunciativo pero no limitativo, en foros, chats, generadores de blogs, comentarios, redes sociales o cualquier otro medio que permita a terceros publicar contenidos de forma independiente en la p\u00e1gina web del prestador. No obstante y en cumplimiento de lo dispuesto en el art. 11 y 16 de la LSSI-CE, el prestador se pone a disposici\u00f3n de todos los usuarios, autoridades y fuerzas de seguridad, y colaborando de forma activa en la retirada o en su caso bloqueo de todos aquellos contenidos que pudieran afectar o contravenir la legislaci\u00f3n nacional, o internacional, derechos de terceros o la moral y el orden p\u00fablico. En caso de que el usuario considere que existe en el sitio web alg\u00fan contenido que pudiera ser susceptible de esta clasificaci\u00f3n, se ruega lo notifique de forma inmediata al administrador del sitio web.  <\/p>\n<p>This website has been tested to ensure it functions properly. In principle, correct operation can be guaranteed 365 days a year, 24 hours a day. However, the provider does not rule out the possibility of programming errors or causes of force majeure (natural disasters, strikes, etc.) that may prevent access to the website.  <\/p>\n<p>&nbsp;<\/p>\n<h2>3. Intellectual and industrial property<\/h2>\n<p>This website\u2014including, but not limited to, its programming, editing, compilation, designs, logos, text, and graphics\u2014is the property of the provider or is used under license or express authorization from the rightful authors. All content is protected under applicable intellectual and industrial property laws and registered in the relevant public registries. <\/p>\n<p>Regardless of the intended purpose, any full or partial reproduction, use, distribution, or commercialization requires prior written authorization from the provider. Any unauthorized use will be considered a serious violation of the author&#8217;s intellectual or industrial property rights. <\/p>\n<p>Any third-party designs, logos, text, or graphics appearing on the site belong to their respective owners, who are responsible for any possible disputes that may arise regarding them. In all cases, the provider has prior express authorization from these parties. <\/p>\n<p>The provider does NOT expressly authorize third parties to redirect directly to specific content on the website; they must always redirect to the main homepage.<\/p>\n<p>The provider recognizes the intellectual and industrial property rights of the respective owners. Their mention or appearance on the website does not imply any responsibility, sponsorship, or endorsement by the provider.<\/p>\n<p>To report any possible breaches of intellectual or industrial property rights or concerns about website content, please contact us using the email provided above.<\/p>\n<p>&nbsp;<\/p>\n<h2>4. Accuracy of information<\/h2>\n<p>All information provided by the user must be truthful. The user guarantees the authenticity of the data submitted through any form on the website. It is the user&#8217;s responsibility to keep this information updated to reflect their actual situation. The provider is not responsible for any false or inaccurate statements made by users or for any resulting damages to the provider or third parties.   <\/p>\n<p>&nbsp;<\/p>\n<h2>5. Minors<\/h2>\n<p>To use the services, minors must first obtain permission from their parents, guardians, or legal representatives, who are ultimately responsible for all actions performed by the minors in their care. It is the responsibility of these guardians to determine what content is appropriate for minors. To assist in this, tools such as software filters and content blockers should be installed, although not infallible, they are useful to restrict access to inappropriate materials. <\/p>\n<p>&nbsp;<\/p>\n<h2>6. User obligation to make proper use of the website<\/h2>\n<p>The user agrees to use the website in accordance with the law, this legal notice, morality, and generally accepted good practices. Users must not use the site for illegal or prohibited purposes that may infringe upon the rights and interests of others or damage, disable, overload, or impair the site or any systems connected to it. <\/p>\n<p>Specifically, users agree not to transmit, distribute, or make available to third parties any content that:<\/p>\n<ul>\n<li>is illegal, harmful, or infringes on fundamental rights and freedoms;sea contraria, desprecie o atente contra los derechos fundamentales y las libertades p\u00fablicas reconocidas constitucionalmente, en tratados internacionales y otras normas vigentes;<\/li>\n<li>promotes criminal, defamatory, or violent behavior;<\/li>\n<li>encourages discrimination based on sex, race, religion, beliefs, age, or condition;<\/li>\n<li>violates a person&#8217;s right to honor, personal or family privacy, or image;<\/li>\n<li>undermines the credibility of the provider or third parties;<\/li>\n<li>Constitutes deceptive or unfair advertising.<\/li>\n<\/ul>\n<p>&nbsp;<\/p>\n<h2>7. Applicable law and jurisdiction<\/h2>\n<p>For the resolution of all disputes or matters related to this website or its activities, Spanish law shall apply, to which the parties expressly submit. Any conflicts shall be resolved by the Courts and Tribunals of Arag\u00f3n, Spain.<\/p>\n<p>[\/et_pb_text][\/et_pb_column][\/et_pb_row][\/et_pb_section]<\/p>\n","protected":false},"excerpt":{"rendered":"<p>Legal Notice In compliance with Article 10 of Spanish Law 34\/2002 on Information Society Services and Electronic Commerce (LSSI-CE), users are hereby informed of the following: Business Name: M\u00aa Isabel Chaverri L\u00f3pez (hereinafter, &#8220;the provider&#8221;) Trade Name: La Sounder\u00eda Registered Address: C\/ Miguel Artigas, 13 1\u00baB. 50011 Zaragoza Tax ID (NIF): 25454043N Phone: 695 183 368 Email: info@lasounderia.com &nbsp; 1. Purpose The provider, responsible for this website, makes this document available to users in order to comply with the obligations established by Law 34\/2002 on Information Society Services and Electronic Commerce (LSSI-CE), and to inform all users of the website about the terms and conditions of use. Anyone accessing this website assumes the role of user, committing to the strict observance and compliance with the provisions set forth herein, as well as any other applicable legal provision. The provider reserves the right to modify any information on the website without prior notice, with publication on the provider&#8217;s website being sufficient. &nbsp; 2. Liability The provider disclaims any liability for the information published on its website when such information has been manipulated or introduced by an unrelated third party. The provider\u2019s website may use cookies (small data files sent from the [&hellip;]<\/p>\n","protected":false},"author":1,"featured_media":0,"parent":0,"menu_order":0,"comment_status":"closed","ping_status":"closed","template":"","meta":{"_et_pb_use_builder":"on","_et_pb_old_content":"","_et_gb_content_width":"","footnotes":""},"class_list":["post-814","page","type-page","status-publish","hentry"],"yoast_head":"<!-- This site is optimized with the Yoast SEO plugin v27.5 - https:\/\/yoast.com\/product\/yoast-seo-wordpress\/ -->\n<title>La Sounder\u00eda &#8226; Legal Notice<\/title>\n<meta name=\"robots\" content=\"noindex, follow\" \/>\n<meta property=\"og:locale\" content=\"en_US\" \/>\n<meta property=\"og:type\" content=\"article\" \/>\n<meta property=\"og:title\" content=\"La Sounder\u00eda &#8226; Legal Notice\" \/>\n<meta property=\"og:description\" content=\"Legal Notice In compliance with Article 10 of Spanish Law 34\/2002 on Information Society Services and Electronic Commerce (LSSI-CE), users are hereby informed of the following: Business Name: M\u00aa Isabel Chaverri L\u00f3pez (hereinafter, &quot;the provider&quot;) Trade Name: La Sounder\u00eda Registered Address: C\/ Miguel Artigas, 13 1\u00baB. 50011 Zaragoza Tax ID (NIF): 25454043N Phone: 695 183 368 Email: info@lasounderia.com &nbsp; 1. Purpose The provider, responsible for this website, makes this document available to users in order to comply with the obligations established by Law 34\/2002 on Information Society Services and Electronic Commerce (LSSI-CE), and to inform all users of the website about the terms and conditions of use. Anyone accessing this website assumes the role of user, committing to the strict observance and compliance with the provisions set forth herein, as well as any other applicable legal provision. The provider reserves the right to modify any information on the website without prior notice, with publication on the provider&#039;s website being sufficient. &nbsp; 2. Liability The provider disclaims any liability for the information published on its website when such information has been manipulated or introduced by an unrelated third party. The provider\u2019s website may use cookies (small data files sent from the [&hellip;]\" \/>\n<meta property=\"og:url\" content=\"https:\/\/lasounderia.com\/en\/legal-notice\/\" \/>\n<meta property=\"og:site_name\" content=\"La Sounder\u00eda\" \/>\n<meta property=\"article:modified_time\" content=\"2025-10-27T14:54:00+00:00\" \/>\n<meta property=\"og:image\" content=\"https:\/\/lasounderia.com\/wp-content\/uploads\/2025\/10\/logo-seo.png\" \/>\n\t<meta property=\"og:image:width\" content=\"1200\" \/>\n\t<meta property=\"og:image:height\" content=\"675\" \/>\n\t<meta property=\"og:image:type\" content=\"image\/png\" \/>\n<meta name=\"twitter:card\" content=\"summary_large_image\" \/>\n<meta name=\"twitter:label1\" content=\"Est. reading time\" \/>\n\t<meta name=\"twitter:data1\" content=\"6 minutes\" \/>\n<script type=\"application\/ld+json\" class=\"yoast-schema-graph\">{\"@context\":\"https:\\\/\\\/schema.org\",\"@graph\":[{\"@type\":\"WebPage\",\"@id\":\"https:\\\/\\\/lasounderia.com\\\/en\\\/legal-notice\\\/\",\"url\":\"https:\\\/\\\/lasounderia.com\\\/en\\\/legal-notice\\\/\",\"name\":\"La Sounder\u00eda &#8226; Legal Notice\",\"isPartOf\":{\"@id\":\"https:\\\/\\\/lasounderia.com\\\/en\\\/#website\"},\"datePublished\":\"2025-09-03T10:53:40+00:00\",\"dateModified\":\"2025-10-27T14:54:00+00:00\",\"breadcrumb\":{\"@id\":\"https:\\\/\\\/lasounderia.com\\\/en\\\/legal-notice\\\/#breadcrumb\"},\"inLanguage\":\"en-US\",\"potentialAction\":[{\"@type\":\"ReadAction\",\"target\":[\"https:\\\/\\\/lasounderia.com\\\/en\\\/legal-notice\\\/\"]}]},{\"@type\":\"BreadcrumbList\",\"@id\":\"https:\\\/\\\/lasounderia.com\\\/en\\\/legal-notice\\\/#breadcrumb\",\"itemListElement\":[{\"@type\":\"ListItem\",\"position\":1,\"name\":\"Portada\",\"item\":\"https:\\\/\\\/lasounderia.com\\\/en\\\/homepage\\\/\"},{\"@type\":\"ListItem\",\"position\":2,\"name\":\"Legal Notice\"}]},{\"@type\":\"WebSite\",\"@id\":\"https:\\\/\\\/lasounderia.com\\\/en\\\/#website\",\"url\":\"https:\\\/\\\/lasounderia.com\\\/en\\\/\",\"name\":\"La Sounder\u00eda\",\"description\":\"Production studio specialized in sound design, editing, and audio post-production for audiovisual and narrative projects\",\"potentialAction\":[{\"@type\":\"SearchAction\",\"target\":{\"@type\":\"EntryPoint\",\"urlTemplate\":\"https:\\\/\\\/lasounderia.com\\\/en\\\/?s={search_term_string}\"},\"query-input\":{\"@type\":\"PropertyValueSpecification\",\"valueRequired\":true,\"valueName\":\"search_term_string\"}}],\"inLanguage\":\"en-US\"}]}<\/script>\n<!-- \/ Yoast SEO plugin. -->","yoast_head_json":{"title":"La Sounder\u00eda &#8226; Legal Notice","robots":{"index":"noindex","follow":"follow"},"og_locale":"en_US","og_type":"article","og_title":"La Sounder\u00eda &#8226; Legal Notice","og_description":"Legal Notice In compliance with Article 10 of Spanish Law 34\/2002 on Information Society Services and Electronic Commerce (LSSI-CE), users are hereby informed of the following: Business Name: M\u00aa Isabel Chaverri L\u00f3pez (hereinafter, \"the provider\") Trade Name: La Sounder\u00eda Registered Address: C\/ Miguel Artigas, 13 1\u00baB. 50011 Zaragoza Tax ID (NIF): 25454043N Phone: 695 183 368 Email: info@lasounderia.com &nbsp; 1. Purpose The provider, responsible for this website, makes this document available to users in order to comply with the obligations established by Law 34\/2002 on Information Society Services and Electronic Commerce (LSSI-CE), and to inform all users of the website about the terms and conditions of use. Anyone accessing this website assumes the role of user, committing to the strict observance and compliance with the provisions set forth herein, as well as any other applicable legal provision. The provider reserves the right to modify any information on the website without prior notice, with publication on the provider's website being sufficient. &nbsp; 2. Liability The provider disclaims any liability for the information published on its website when such information has been manipulated or introduced by an unrelated third party. The provider\u2019s website may use cookies (small data files sent from the [&hellip;]","og_url":"https:\/\/lasounderia.com\/en\/legal-notice\/","og_site_name":"La Sounder\u00eda","article_modified_time":"2025-10-27T14:54:00+00:00","og_image":[{"width":1200,"height":675,"url":"https:\/\/lasounderia.com\/wp-content\/uploads\/2025\/10\/logo-seo.png","type":"image\/png"}],"twitter_card":"summary_large_image","twitter_misc":{"Est. reading time":"6 minutes"},"schema":{"@context":"https:\/\/schema.org","@graph":[{"@type":"WebPage","@id":"https:\/\/lasounderia.com\/en\/legal-notice\/","url":"https:\/\/lasounderia.com\/en\/legal-notice\/","name":"La Sounder\u00eda &#8226; Legal Notice","isPartOf":{"@id":"https:\/\/lasounderia.com\/en\/#website"},"datePublished":"2025-09-03T10:53:40+00:00","dateModified":"2025-10-27T14:54:00+00:00","breadcrumb":{"@id":"https:\/\/lasounderia.com\/en\/legal-notice\/#breadcrumb"},"inLanguage":"en-US","potentialAction":[{"@type":"ReadAction","target":["https:\/\/lasounderia.com\/en\/legal-notice\/"]}]},{"@type":"BreadcrumbList","@id":"https:\/\/lasounderia.com\/en\/legal-notice\/#breadcrumb","itemListElement":[{"@type":"ListItem","position":1,"name":"Portada","item":"https:\/\/lasounderia.com\/en\/homepage\/"},{"@type":"ListItem","position":2,"name":"Legal Notice"}]},{"@type":"WebSite","@id":"https:\/\/lasounderia.com\/en\/#website","url":"https:\/\/lasounderia.com\/en\/","name":"La Sounder\u00eda","description":"Production studio specialized in sound design, editing, and audio post-production for audiovisual and narrative projects","potentialAction":[{"@type":"SearchAction","target":{"@type":"EntryPoint","urlTemplate":"https:\/\/lasounderia.com\/en\/?s={search_term_string}"},"query-input":{"@type":"PropertyValueSpecification","valueRequired":true,"valueName":"search_term_string"}}],"inLanguage":"en-US"}]}},"_links":{"self":[{"href":"https:\/\/lasounderia.com\/en\/wp-json\/wp\/v2\/pages\/814","targetHints":{"allow":["GET"]}}],"collection":[{"href":"https:\/\/lasounderia.com\/en\/wp-json\/wp\/v2\/pages"}],"about":[{"href":"https:\/\/lasounderia.com\/en\/wp-json\/wp\/v2\/types\/page"}],"author":[{"embeddable":true,"href":"https:\/\/lasounderia.com\/en\/wp-json\/wp\/v2\/users\/1"}],"replies":[{"embeddable":true,"href":"https:\/\/lasounderia.com\/en\/wp-json\/wp\/v2\/comments?post=814"}],"version-history":[{"count":6,"href":"https:\/\/lasounderia.com\/en\/wp-json\/wp\/v2\/pages\/814\/revisions"}],"predecessor-version":[{"id":831,"href":"https:\/\/lasounderia.com\/en\/wp-json\/wp\/v2\/pages\/814\/revisions\/831"}],"wp:attachment":[{"href":"https:\/\/lasounderia.com\/en\/wp-json\/wp\/v2\/media?parent=814"}],"curies":[{"name":"wp","href":"https:\/\/api.w.org\/{rel}","templated":true}]}}